{"id":54,"date":"2025-05-28T14:45:48","date_gmt":"2025-05-28T12:45:48","guid":{"rendered":"https:\/\/inspiruj.org\/?page_id=54"},"modified":"2025-05-28T14:50:45","modified_gmt":"2025-05-28T12:50:45","slug":"kontakt","status":"publish","type":"page","link":"https:\/\/inspiruj.org\/?page_id=54","title":{"rendered":"Kontakt"},"content":{"rendered":"\n<h3 class=\"wp-block-heading\"><strong>Stowarzyszenie Rozwoju \u201eINSPIRACJE\u201d<\/strong><\/h3>\n\n\n\n<p>organizacja po\u017cytki publicznego<\/p>\n\n\n\n<p><strong>Siedziba<\/strong>: ul. Partyzant\u00f3w 33, 76-200 S\u0142upsk<br><strong>Telefon:<\/strong> 59 723 51 20<br><strong>E-mail<\/strong>: <a href=\"https:\/\/web.archive.org\/web\/20240527185449\/mailto:inspiracje@inspiruj.org\" target=\"_blank\" rel=\"noreferrer noopener\">inspiracje@inspiruj.org<\/a><\/p>\n\n\n\n<p><strong><br>Numery:<br>KRS:<\/strong> 0000363825<br><strong>NIP:<\/strong> 839-313-57-63<br><strong>REGON:<\/strong> 221079878<\/p>\n\n\n\n<p><strong>Konta:<\/strong><\/p>\n\n\n\n<ul class=\"wp-block-list\">\n<li><strong>BNP Paribas:<\/strong> 47 1600 1462 1819 9536 6000 0004<\/li>\n<\/ul>\n","protected":false},"excerpt":{"rendered":"<p>Stowarzyszenie Rozwoju \u201eINSPIRACJE\u201d organizacja po\u017cytki publicznego Siedziba: ul. Partyzant\u00f3w 33, 76-200 S\u0142upskTelefon: 59 723 51 20E-mail: inspiracje@inspiruj.org Numery:KRS: 0000363825NIP: 839-313-57-63REGON: [&hellip;]<\/p>\n","protected":false},"author":2,"featured_media":0,"parent":0,"menu_order":0,"comment_status":"closed","ping_status":"closed","template":"","meta":{"site-sidebar-layout":"default","site-content-layout":"","ast-site-content-layout":"default","site-content-style":"default","site-sidebar-style":"default","ast-global-header-display":"","ast-banner-title-visibility":"","ast-main-header-display":"","ast-hfb-above-header-display":"","ast-hfb-below-header-display":"","ast-hfb-mobile-header-display":"","site-post-title":"","ast-breadcrumbs-content":"","ast-featured-img":"","footer-sml-layout":"","theme-transparent-header-meta":"","adv-header-id-meta":"","stick-header-meta":"","header-above-stick-meta":"","header-main-stick-meta":"","header-below-stick-meta":"","astra-migrate-meta-layouts":"default","ast-page-background-enabled":"default","ast-page-background-meta":{"desktop":{"background-color":"var(--ast-global-color-5)","background-image":"","background-repeat":"repeat","background-position":"center center","background-size":"auto","background-attachment":"scroll","background-type":"","background-media":"","overlay-type":"","overlay-color":"","overlay-opacity":"","overlay-gradient":""},"tablet":{"background-color":"","background-image":"","background-repeat":"repeat","background-position":"center center","background-size":"auto","background-attachment":"scroll","background-type":"","background-media":"","overlay-type":"","overlay-color":"","overlay-opacity":"","overlay-gradient":""},"mobile":{"background-color":"","background-image":"","background-repeat":"repeat","background-position":"center center","background-size":"auto","background-attachment":"scroll","background-type":"","background-media":"","overlay-type":"","overlay-color":"","overlay-opacity":"","overlay-gradient":""}},"ast-content-background-meta":{"desktop":{"background-color":"var(--ast-global-color-4)","background-image":"","background-repeat":"repeat","background-position":"center center","background-size":"auto","background-attachment":"scroll","background-type":"","background-media":"","overlay-type":"","overlay-color":"","overlay-opacity":"","overlay-gradient":""},"tablet":{"background-color":"var(--ast-global-color-4)","background-image":"","background-repeat":"repeat","background-position":"center center","background-size":"auto","background-attachment":"scroll","background-type":"","background-media":"","overlay-type":"","overlay-color":"","overlay-opacity":"","overlay-gradient":""},"mobile":{"background-color":"var(--ast-global-color-4)","background-image":"","background-repeat":"repeat","background-position":"center center","background-size":"auto","background-attachment":"scroll","background-type":"","background-media":"","overlay-type":"","overlay-color":"","overlay-opacity":"","overlay-gradient":""}},"footnotes":""},"class_list":["post-54","page","type-page","status-publish","hentry"],"_links":{"self":[{"href":"https:\/\/inspiruj.org\/index.php?rest_route=\/wp\/v2\/pages\/54","targetHints":{"allow":["GET"]}}],"collection":[{"href":"https:\/\/inspiruj.org\/index.php?rest_route=\/wp\/v2\/pages"}],"about":[{"href":"https:\/\/inspiruj.org\/index.php?rest_route=\/wp\/v2\/types\/page"}],"author":[{"embeddable":true,"href":"https:\/\/inspiruj.org\/index.php?rest_route=\/wp\/v2\/users\/2"}],"replies":[{"embeddable":true,"href":"https:\/\/inspiruj.org\/index.php?rest_route=%2Fwp%2Fv2%2Fcomments&post=54"}],"version-history":[{"count":3,"href":"https:\/\/inspiruj.org\/index.php?rest_route=\/wp\/v2\/pages\/54\/revisions"}],"predecessor-version":[{"id":58,"href":"https:\/\/inspiruj.org\/index.php?rest_route=\/wp\/v2\/pages\/54\/revisions\/58"}],"wp:attachment":[{"href":"https:\/\/inspiruj.org\/index.php?rest_route=%2Fwp%2Fv2%2Fmedia&parent=54"}],"curies":[{"name":"wp","href":"https:\/\/api.w.org\/{rel}","templated":true}]}}