{"id":23,"date":"2025-05-23T11:40:51","date_gmt":"2025-05-23T09:40:51","guid":{"rendered":"https:\/\/inspiruj.org\/?page_id=23"},"modified":"2025-06-25T14:08:22","modified_gmt":"2025-06-25T12:08:22","slug":"home","status":"publish","type":"page","link":"https:\/\/inspiruj.org\/","title":{"rendered":"Home"},"content":{"rendered":"\n<div class=\"wp-block-cover has-parallax\"><div class=\"wp-block-cover__image-background wp-image-69 has-parallax\" style=\"background-position:50% 50%;background-image:url(https:\/\/inspiruj.org\/wp-content\/uploads\/2025\/06\/ebf19f9a-8822-433b-9896-896d378f3e68-1024x683.png)\"><\/div><span aria-hidden=\"true\" class=\"wp-block-cover__background has-background-dim\"><\/span><div class=\"wp-block-cover__inner-container is-layout-flow wp-block-cover-is-layout-flow\">\n<p class=\"has-text-align-center has-large-font-size\"><br><\/p>\n\n\n\n<p class=\"has-ast-global-color-4-color has-text-color has-link-color has-large-font-size wp-elements-fbb0fac4e19395e88536e8d25bdfc7a2\" style=\"margin-top:0;margin-right:var(--wp--preset--spacing--40);margin-bottom:0;margin-left:var(--wp--preset--spacing--40)\"><strong>Stowarzyszenie Rozwoju INSPIRACJE<\/strong><\/p>\n\n\n\n<p class=\"has-ast-global-color-4-color has-text-color has-link-color has-medium-font-size wp-elements-830aef756bba462ddd95a1b8b3066adb\" style=\"margin-top:0;margin-right:var(--wp--preset--spacing--40);margin-bottom:0;margin-left:var(--wp--preset--spacing--40)\"><em><strong>Z lokalnych g\u0142os\u00f3w budujemy silne spo\u0142ecze\u0144stwo<\/strong><\/em><\/p>\n<\/div><\/div>\n\n\n\n<p>Jeste\u015bmy organizacj\u0105 spo\u0142eczna z  15-letnim do\u015bwiadczeniem w dzia\u0142aniach na rzecz aktywno\u015bci obywatelskiej, edukacji, kultury i przestrzeni publicznej. Wspieramy spo\u0142ecznik\u00f3w i inicjatywy lokalne, inspirujemy do dzia\u0142ania i budujemy mosty mi\u0119dzy mieszka\u0144cami a samorz\u0105dem.<\/p>\n\n\n\n<h3 class=\"wp-block-heading\">Czym si\u0119 zajmujemy?<\/h3>\n\n\n\n<p>\ud83d\udd39 Koordynujemy programy og\u00f3lnopolskie, takie jak <strong>Masz G\u0142os<\/strong> \u2013 wspieraj\u0105c oddolne dzia\u0142ania w ca\u0142ym regionie<br>\ud83d\udd39 Prowadzimy szkolenia, warsztaty i doradztwo dla organizacji i os\u00f3b aktywnych spo\u0142ecznie<br>\ud83d\udd39 Inicjujemy i wspieramy projekty ekologiczne, edukacyjne, kulturalne i monitoringowe<br>\ud83d\udd39 Wsp\u00f3\u0142pracujemy z partnerami lokalnymi i og\u00f3lnopolskimi: samorz\u0105dami, fundacjami, uczelniami<\/p>\n\n\n\n<h3 class=\"wp-block-heading\">Do\u0142\u0105cz do nas:<\/h3>\n\n\n\n<p>\u2192 Chcesz co\u015b zmieni\u0107 w swojej okolicy?<br>\u2192 Potrzebujesz wsparcia dla lokalnej inicjatywy?<br>\u2192 Szukasz partnera do projektu?<\/p>\n\n\n\n<p><strong>Skontaktuj si\u0119 z nami lub przeka\u017c 1,5% podatku \u2013 razem mo\u017cemy wi\u0119cej!<\/strong><\/p>\n\n\n\n<hr class=\"wp-block-separator has-alpha-channel-opacity\"\/>\n\n\n\n<h3 class=\"wp-block-heading\">\ud83d\udcf2 B\u0105d\u017a na bie\u017c\u0105co:<\/h3>\n\n\n\n<p>\ud83d\udd35 <a class=\"\" href=\"https:\/\/www.facebook.com\/inspiruj\">Facebook<\/a><br>\ud83d\udfe3 <a class=\"\" href=\"https:\/\/www.instagram.com\/stowarzyszenieinspiracje\/\">Instagram<\/a><br>\ud83d\udce7 <a>kontakt@inspiruj.org<\/a><\/p>\n","protected":false},"excerpt":{"rendered":"<p>Jeste\u015bmy organizacj\u0105 spo\u0142eczna z 15-letnim do\u015bwiadczeniem w dzia\u0142aniach na rzecz aktywno\u015bci obywatelskiej, edukacji, kultury i przestrzeni publicznej. Wspieramy spo\u0142ecznik\u00f3w i [&hellip;]<\/p>\n","protected":false},"author":2,"featured_media":0,"parent":0,"menu_order":0,"comment_status":"closed","ping_status":"closed","template":"templates\/template-full-width.php","meta":{"site-sidebar-layout":"default","site-content-layout":"","ast-site-content-layout":"default","site-content-style":"default","site-sidebar-style":"default","ast-global-header-display":"","ast-banner-title-visibility":"","ast-main-header-display":"","ast-hfb-above-header-display":"","ast-hfb-below-header-display":"","ast-hfb-mobile-header-display":"","site-post-title":"disabled","ast-breadcrumbs-content":"","ast-featured-img":"","footer-sml-layout":"","theme-transparent-header-meta":"","adv-header-id-meta":"","stick-header-meta":"","header-above-stick-meta":"","header-main-stick-meta":"","header-below-stick-meta":"","astra-migrate-meta-layouts":"default","ast-page-background-enabled":"default","ast-page-background-meta":{"desktop":{"background-color":"var(--ast-global-color-5)","background-image":"","background-repeat":"repeat","background-position":"center center","background-size":"auto","background-attachment":"scroll","background-type":"","background-media":"","overlay-type":"","overlay-color":"","overlay-opacity":"","overlay-gradient":""},"tablet":{"background-color":"","background-image":"","background-repeat":"repeat","background-position":"center center","background-size":"auto","background-attachment":"scroll","background-type":"","background-media":"","overlay-type":"","overlay-color":"","overlay-opacity":"","overlay-gradient":""},"mobile":{"background-color":"","background-image":"","background-repeat":"repeat","background-position":"center center","background-size":"auto","background-attachment":"scroll","background-type":"","background-media":"","overlay-type":"","overlay-color":"","overlay-opacity":"","overlay-gradient":""}},"ast-content-background-meta":{"desktop":{"background-color":"var(--ast-global-color-4)","background-image":"","background-repeat":"repeat","background-position":"center center","background-size":"auto","background-attachment":"scroll","background-type":"","background-media":"","overlay-type":"","overlay-color":"","overlay-opacity":"","overlay-gradient":""},"tablet":{"background-color":"var(--ast-global-color-4)","background-image":"","background-repeat":"repeat","background-position":"center center","background-size":"auto","background-attachment":"scroll","background-type":"","background-media":"","overlay-type":"","overlay-color":"","overlay-opacity":"","overlay-gradient":""},"mobile":{"background-color":"var(--ast-global-color-4)","background-image":"","background-repeat":"repeat","background-position":"center center","background-size":"auto","background-attachment":"scroll","background-type":"","background-media":"","overlay-type":"","overlay-color":"","overlay-opacity":"","overlay-gradient":""}},"footnotes":""},"class_list":["post-23","page","type-page","status-publish","hentry"],"_links":{"self":[{"href":"https:\/\/inspiruj.org\/index.php?rest_route=\/wp\/v2\/pages\/23","targetHints":{"allow":["GET"]}}],"collection":[{"href":"https:\/\/inspiruj.org\/index.php?rest_route=\/wp\/v2\/pages"}],"about":[{"href":"https:\/\/inspiruj.org\/index.php?rest_route=\/wp\/v2\/types\/page"}],"author":[{"embeddable":true,"href":"https:\/\/inspiruj.org\/index.php?rest_route=\/wp\/v2\/users\/2"}],"replies":[{"embeddable":true,"href":"https:\/\/inspiruj.org\/index.php?rest_route=%2Fwp%2Fv2%2Fcomments&post=23"}],"version-history":[{"count":6,"href":"https:\/\/inspiruj.org\/index.php?rest_route=\/wp\/v2\/pages\/23\/revisions"}],"predecessor-version":[{"id":75,"href":"https:\/\/inspiruj.org\/index.php?rest_route=\/wp\/v2\/pages\/23\/revisions\/75"}],"wp:attachment":[{"href":"https:\/\/inspiruj.org\/index.php?rest_route=%2Fwp%2Fv2%2Fmedia&parent=23"}],"curies":[{"name":"wp","href":"https:\/\/api.w.org\/{rel}","templated":true}]}}